{"id":2201,"date":"2024-07-29T20:57:00","date_gmt":"2024-07-29T20:57:00","guid":{"rendered":"https:\/\/celplan.com\/?page_id=2201"},"modified":"2024-08-19T13:58:29","modified_gmt":"2024-08-19T13:58:29","slug":"cellprobe","status":"publish","type":"page","link":"https:\/\/celplan.com\/pt\/cellprobe\/","title":{"rendered":"CellProbe &#8211; IP network measurement and troubleshooting"},"content":{"rendered":"<div class=\"wp-block-uagb-container uagb-block-eghuxq0k alignfull uagb-is-root-container\"><div class=\"uagb-container-inner-blocks-wrap\">\n<div class=\"wp-block-uagb-info-box uagb-block-z9doniw9 uagb-infobox__content-wrap  uagb-infobox-icon-above-title uagb-infobox-image-valign-top\"><div class=\"uagb-ifb-content\"><div class=\"uagb-ifb-title-wrap\"><h1 class=\"uagb-ifb-title\">CellProbe<\/h1><\/div><\/div><\/div>\n<\/div><\/div>\n\n\n\n<div class=\"wp-block-uagb-container uagb-block-eidebwjs alignfull uagb-is-root-container\"><div class=\"uagb-container-inner-blocks-wrap\">\n<div class=\"wp-block-uagb-info-box uagb-block-ggyz8qhr uagb-infobox__content-wrap  uagb-infobox-icon-above-title uagb-infobox-image-valign-top\"><div class=\"uagb-ifb-content\"><div class=\"uagb-ifb-title-wrap\"><\/div><p class=\"uagb-ifb-desc\">O CellProbe, um componente do conjunto de testes de rede sem fio da CelPlan, \u00e9 um conjunto abrangente de ferramentas projetadas para medir a taxa de transfer\u00eancia e solucionar problemas de conex\u00f5es IP. <br><br>Projetado especificamente para suportar mobilidade, mantendo a integridade da conex\u00e3o mesmo em ambientes potencialmente inst\u00e1veis, e incorpora marca\u00e7\u00e3o GPS para cada medi\u00e7\u00e3o. O sistema permite a configura\u00e7\u00e3o, grava\u00e7\u00e3o e visualiza\u00e7\u00e3o de medi\u00e7\u00f5es automatizadas definidas pelo usu\u00e1rio, apresentando dados por meio de gr\u00e1ficos estat\u00edsticos e mapeamento geogr\u00e1fico.<br><br><br><\/p><\/div><\/div>\n\n\n\n<div class=\"wp-block-uagb-image uagb-block-6e217aae wp-block-uagb-image--layout-default wp-block-uagb-image--effect-static wp-block-uagb-image--align-none\"><figure class=\"wp-block-uagb-image__figure\"><img decoding=\"async\" srcset=\"https:\/\/celplan.com\/wp-content\/uploads\/2024\/08\/CelProbe-Architecture-1024x614.jpg ,https:\/\/celplan.com\/wp-content\/uploads\/2024\/08\/CelProbe-Architecture.jpg 780w, https:\/\/celplan.com\/wp-content\/uploads\/2024\/08\/CelProbe-Architecture.jpg 360w\" sizes=\"auto, (max-width: 480px) 150px\" src=\"https:\/\/celplan.com\/wp-content\/uploads\/2024\/08\/CelProbe-Architecture-1024x614.jpg\" alt=\"\" class=\"uag-image-2557\" width=\"1200\" height=\"720\" title=\"CelProbe Architecture\" loading=\"lazy\" role=\"img\"\/><\/figure><\/div>\n\n\n\n<div class=\"wp-block-uagb-container uagb-block-lxteyfrt\">\n<div class=\"wp-block-uagb-container uagb-block-fa79551f\">\n<div class=\"wp-block-uagb-info-box uagb-block-79ijmjmt uagb-infobox__content-wrap  uagb-infobox-icon-above-title uagb-infobox-image-valign-top\"><div class=\"uagb-ifb-content\"><div class=\"uagb-ifb-title-wrap\"><\/div><p class=\"uagb-ifb-desc\">Os principais recursos do CellProbe incluem:<br><\/p><\/div><\/div>\n\n\n\n<ul class=\"wp-block-list\">\n<li>Medi\u00e7\u00e3o de rendimento: fornece avalia\u00e7\u00f5es de rendimento do mundo real, incluindo rendimento m\u00e1ximo e espec\u00edfico da aplica\u00e7\u00e3o, bem como m\u00e9tricas de desempenho de link para transfer\u00eancia de pacotes \u00fanicos ou paralelos:\n<ul class=\"wp-block-list\">\n<li>Volume transferido (TCP\/UDP)<\/li>\n\n\n\n<li>Taxa de transfer\u00eancia de dados (TCP\/UDP)<\/li>\n\n\n\n<li>Jitter (UDP)<\/li>\n\n\n\n<li>Perda de pacotes (UDP)<\/li>\n<\/ul>\n<\/li>\n\n\n\n<li>An\u00e1lise de pacotes: utiliza o software Wireshark de c\u00f3digo aberto para an\u00e1lise de protocolo de pacotes georreferenciados.<br><\/li>\n\n\n\n<li>Medi\u00e7\u00e3o SNMP: recupera dados de configura\u00e7\u00e3o e medi\u00e7\u00f5es de v\u00e1rios dispositivos, incluindo telefones, smartphones e qualquer equipamento compat\u00edvel com SNMP, como r\u00e1dios, instrumentos de teste e controladores.<br><\/li>\n\n\n\n<li>Monitoramento de lat\u00eancia\/RTT:\n<ul class=\"wp-block-list\">\n<li>Recep\u00e7\u00e3o e sequenciamento de ping<\/li>\n\n\n\n<li>Tempo de ida e volta (RTT)<\/li>\n\n\n\n<li>C\u00e1lculo de lat\u00eancia m\u00e9dia<\/li>\n<\/ul>\n<\/li>\n<\/ul>\n<\/div>\n\n\n\n<div class=\"wp-block-uagb-image aligncenter uagb-block-zlzeflwe wp-block-uagb-image--layout-default wp-block-uagb-image--effect-static wp-block-uagb-image--align-center alignleft\"><figure class=\"wp-block-uagb-image__figure\"><img decoding=\"async\" srcset=\"https:\/\/celplan.com\/wp-content\/uploads\/2024\/08\/CellProbe-01-766x844-1.jpg ,https:\/\/celplan.com\/wp-content\/uploads\/2024\/08\/CellProbe-01-766x844-1.jpg 780w, https:\/\/celplan.com\/wp-content\/uploads\/2024\/08\/CellProbe-01-766x844-1.jpg 360w\" sizes=\"auto, (max-width: 480px) 150px\" src=\"https:\/\/celplan.com\/wp-content\/uploads\/2024\/08\/CellProbe-01-766x844-1.jpg\" alt=\"\" class=\"uag-image-2560\" width=\"600\" height=\"800\" title=\"CellProbe-01-766x844\" loading=\"lazy\" role=\"img\"\/><\/figure><\/div>\n<\/div>\n\n\n\n<div class=\"wp-block-uagb-container uagb-block-ttogtouf\">\n<div class=\"wp-block-uagb-image alignleft uagb-block-n3cxnlie wp-block-uagb-image--layout-default wp-block-uagb-image--effect-static wp-block-uagb-image--align-left\"><figure class=\"wp-block-uagb-image__figure\"><img decoding=\"async\" srcset=\"https:\/\/celplan.com\/wp-content\/uploads\/2024\/07\/CellScanner-in-car-1024x615.jpg ,https:\/\/celplan.com\/wp-content\/uploads\/2024\/07\/CellScanner-in-car.jpg 780w, https:\/\/celplan.com\/wp-content\/uploads\/2024\/07\/CellScanner-in-car.jpg 360w\" sizes=\"auto, (max-width: 480px) 150px\" src=\"https:\/\/celplan.com\/wp-content\/uploads\/2024\/07\/CellScanner-in-car-1024x615.jpg\" alt=\"\" class=\"uag-image-2173\" width=\"564\" height=\"400\" title=\"CellScanner in car\" loading=\"lazy\" role=\"img\"\/><\/figure><\/div>\n\n\n\n<div class=\"wp-block-uagb-info-box uagb-block-ujtuildy uagb-infobox__content-wrap  uagb-infobox-icon-above-title uagb-infobox-image-valign-top\"><div class=\"uagb-ifb-content\"><div class=\"uagb-ifb-title-wrap\"><\/div><p class=\"uagb-ifb-desc\">O CellProbe oferece um recurso de execu\u00e7\u00e3o de tarefa automatizada, particularmente ben\u00e9fico para cen\u00e1rios de coleta de dados remotos com conectividade limitada. Quando configuradas, essas tarefas iniciam automaticamente ao reabrir o aplicativo.<br><br>Como uma ferramenta de an\u00e1lise de rede, o CellProbe pode conduzir Testes de Desempenho de Link usando IPerf. Isso estabelece uma conex\u00e3o entre o aplicativo m\u00f3vel e o servidor, facilitando a coleta de dados durante campanhas de drive test ou de locais fixos.<br><br>A fun\u00e7\u00e3o Network Protocol Analyzer utiliza o Wireshark, que deve ser instalado separadamente pelos usu\u00e1rios, pois n\u00e3o est\u00e1 inclu\u00eddo no pacote CellProbe.<br><\/p><\/div><\/div>\n<\/div>\n\n\n\n<p>Al\u00e9m disso, o CellProbe pode realizar testes de conectividade e lat\u00eancia usando o comando PING, fornecendo estat\u00edsticas detalhadas.<br><br>O CellProbe opera dentro de um ambiente de software compartilhado por outras ferramentas CelPlan, como: <a href=\"https:\/\/celplan.com\/pt\/cellscanner\/\" title=\"\">CellScanner <\/a>e <a href=\"https:\/\/celplan.com\/pt\/cellspectrum-plus\/\" title=\"\">CellSpectrum<\/a>, garantindo uma interface amig\u00e1vel e uma curva de aprendizado acentuada para r\u00e1pida profici\u00eancia.<\/p>\n<\/div><\/div>","protected":false},"excerpt":{"rendered":"<p>Additionally, CellProbe can perform connectivity and latency tests using the PING command, providing detailed statistics. CellProbe operates within a software environment shared by other CelPlan tools, such as: CellScanner and CellSpectrum, ensuring a user-friendly interface and a steep learning curve for rapid proficiency.<\/p>","protected":false},"author":2,"featured_media":0,"parent":0,"menu_order":0,"comment_status":"closed","ping_status":"closed","template":"","meta":{"_uag_custom_page_level_css":"","_monsterinsights_skip_tracking":false,"_monsterinsights_sitenote_active":false,"_monsterinsights_sitenote_note":"","_monsterinsights_sitenote_category":0,"site-sidebar-layout":"default","site-content-layout":"","ast-site-content-layout":"default","site-content-style":"default","site-sidebar-style":"default","ast-global-header-display":"","ast-banner-title-visibility":"","ast-main-header-display":"","ast-hfb-above-header-display":"","ast-hfb-below-header-display":"","ast-hfb-mobile-header-display":"","site-post-title":"disabled","ast-breadcrumbs-content":"","ast-featured-img":"","footer-sml-layout":"","ast-disable-related-posts":"","theme-transparent-header-meta":"","adv-header-id-meta":"","stick-header-meta":"","header-above-stick-meta":"","header-main-stick-meta":"","header-below-stick-meta":"","astra-migrate-meta-layouts":"set","ast-page-background-enabled":"default","ast-page-background-meta":{"desktop":{"background-color":"var(--ast-global-color-4)","background-image":"","background-repeat":"repeat","background-position":"center center","background-size":"auto","background-attachment":"scroll","background-type":"","background-media":"","overlay-type":"","overlay-color":"","overlay-opacity":"","overlay-gradient":""},"tablet":{"background-color":"","background-image":"","background-repeat":"repeat","background-position":"center center","background-size":"auto","background-attachment":"scroll","background-type":"","background-media":"","overlay-type":"","overlay-color":"","overlay-opacity":"","overlay-gradient":""},"mobile":{"background-color":"","background-image":"","background-repeat":"repeat","background-position":"center center","background-size":"auto","background-attachment":"scroll","background-type":"","background-media":"","overlay-type":"","overlay-color":"","overlay-opacity":"","overlay-gradient":""}},"ast-content-background-meta":{"desktop":{"background-color":"var(--ast-global-color-5)","background-image":"","background-repeat":"repeat","background-position":"center center","background-size":"auto","background-attachment":"scroll","background-type":"","background-media":"","overlay-type":"","overlay-color":"","overlay-opacity":"","overlay-gradient":""},"tablet":{"background-color":"var(--ast-global-color-5)","background-image":"","background-repeat":"repeat","background-position":"center center","background-size":"auto","background-attachment":"scroll","background-type":"","background-media":"","overlay-type":"","overlay-color":"","overlay-opacity":"","overlay-gradient":""},"mobile":{"background-color":"var(--ast-global-color-5)","background-image":"","background-repeat":"repeat","background-position":"center center","background-size":"auto","background-attachment":"scroll","background-type":"","background-media":"","overlay-type":"","overlay-color":"","overlay-opacity":"","overlay-gradient":""}},"footnotes":""},"class_list":["post-2201","page","type-page","status-publish","hentry"],"aioseo_notices":[],"uagb_featured_image_src":{"full":false,"thumbnail":false,"medium":false,"medium_large":false,"large":false,"1536x1536":false,"2048x2048":false,"trp-custom-language-flag":false},"uagb_author_info":{"display_name":"Cristine Korowajczuk","author_link":"https:\/\/celplan.com\/pt\/author\/cris_en\/"},"uagb_comment_info":0,"uagb_excerpt":"Additionally, CellProbe can perform connectivity and latency tests using the PING command, providing detailed statistics. CellProbe operates within a software environment shared by other CelPlan tools, such as: CellScanner and CellSpectrum, ensuring a user-friendly interface and a steep learning curve for rapid proficiency.","_links":{"self":[{"href":"https:\/\/celplan.com\/pt\/wp-json\/wp\/v2\/pages\/2201","targetHints":{"allow":["GET"]}}],"collection":[{"href":"https:\/\/celplan.com\/pt\/wp-json\/wp\/v2\/pages"}],"about":[{"href":"https:\/\/celplan.com\/pt\/wp-json\/wp\/v2\/types\/page"}],"author":[{"embeddable":true,"href":"https:\/\/celplan.com\/pt\/wp-json\/wp\/v2\/users\/2"}],"replies":[{"embeddable":true,"href":"https:\/\/celplan.com\/pt\/wp-json\/wp\/v2\/comments?post=2201"}],"version-history":[{"count":28,"href":"https:\/\/celplan.com\/pt\/wp-json\/wp\/v2\/pages\/2201\/revisions"}],"predecessor-version":[{"id":2634,"href":"https:\/\/celplan.com\/pt\/wp-json\/wp\/v2\/pages\/2201\/revisions\/2634"}],"wp:attachment":[{"href":"https:\/\/celplan.com\/pt\/wp-json\/wp\/v2\/media?parent=2201"}],"curies":[{"name":"wp","href":"https:\/\/api.w.org\/{rel}","templated":true}]}}