{"id":2886,"date":"2025-06-01T19:49:33","date_gmt":"2025-06-01T19:49:33","guid":{"rendered":"https:\/\/celplan.com\/?page_id=2886"},"modified":"2025-06-01T19:51:35","modified_gmt":"2025-06-01T19:51:35","slug":"events","status":"publish","type":"page","link":"https:\/\/celplan.com\/pt\/events\/","title":{"rendered":"Events"},"content":{"rendered":"<div class=\"wp-block-uagb-container uagb-block-eghuxq0k alignfull uagb-is-root-container\"><div class=\"uagb-container-inner-blocks-wrap\">\n<div class=\"wp-block-uagb-info-box uagb-block-z9doniw9 uagb-infobox__content-wrap  uagb-infobox-icon-above-title uagb-infobox-image-valign-top\"><div class=\"uagb-ifb-content\"><div class=\"uagb-ifb-title-wrap\"><h1 class=\"uagb-ifb-title\">Events<\/h1><\/div><\/div><\/div>\n<\/div><\/div>\n\n\n\n<div class=\"wp-block-uagb-container uagb-block-6ed5e989 alignfull uagb-is-root-container\"><div class=\"uagb-container-inner-blocks-wrap\"><\/div><\/div>\n\n\n\n\t\t\t<div class=\"wp-block-uagb-post-grid uagb-post-grid  uagb-post__image-position-top uagb-post__image-enabled uagb-block-d4155401     uagb-post__items uagb-post__columns-3 is-grid uagb-post__columns-tablet-2 uagb-post__columns-mobile-1 uagb-post__equal-height\" data-total=\"3\" style=\"\">\n\n\t\t\t\t\t\t\t\t\t\t\t\t<article class=\"uagb-post__inner-wrap\">\t\t\t\t\t\t\t\t<h4 class=\"uagb-post__title uagb-post__text\">\n\t\t\t\t<a href=\"https:\/\/celplan.com\/pt\/celplan-participates-in-inovaportos-2025-digital-transformation-and-ai-in-the-port-sector\/\" target=\"_self\" rel=\"bookmark noopener noreferrer\">CelPlan Participates in InovaPortos 2025: Digital Transformation and AI in the Port Sector<\/a>\n\t\t\t<\/h4>\n\t\t\t\t\t\t<div class='uagb-post__text uagb-post-grid-byline'>\n\t\t\t\t\t\t\t<\/div>\n\t\t\t\t\t\t\t<div class='uagb-post__text uagb-post__excerpt'>\n\t\t\t\t\t<p>CelPlan recently attended the 6th edition of InovaPortos, held in S\u00e3o Lu\u00eds, Maranh\u00e3o, on June 17-18, 2025. Our Product Director, Paulo Sigrist, represented the company at this gathering focused on &#8220;Digital Transformation and AI in the Port Sector.&#8221; The event brought together industry leaders, technology specialists, and port authorities to&#8230;\t\t\t\t<\/div>\n\t\t\t\t\t\t<div class=\"uagb-post__text uagb-post__cta wp-block-button\">\n\t\t\t\t<a class=\"wp-block-button__link uagb-text-link\" style=\"\" href=\"https:\/\/celplan.com\/pt\/celplan-participates-in-inovaportos-2025-digital-transformation-and-ai-in-the-port-sector\/\" target=\"_self\" rel=\"bookmark noopener noreferrer\">Ler mais<\/a>\n\t\t\t<\/div>\n\t\t\t\n\t\t\t\t\t\t\t\t\t<\/article>\n\t\t\t\t\t\t\t\t\t\t\t\t\t\t\t\t<article class=\"uagb-post__inner-wrap\">\t\t\t\t\t\t\t\t<h4 class=\"uagb-post__title uagb-post__text\">\n\t\t\t\t<a href=\"https:\/\/celplan.com\/pt\/celplan-at-utc-telecom-technology-2025-leading-the-private-lte-conversation\/\" target=\"_self\" rel=\"bookmark noopener noreferrer\">CelPlan at UTC Telecom &amp; Technology 2025: Leading the Private LTE Conversation<\/a>\n\t\t\t<\/h4>\n\t\t\t\t\t\t<div class='uagb-post__text uagb-post-grid-byline'>\n\t\t\t\t\t\t\t<\/div>\n\t\t\t\t\t\t\t<div class='uagb-post__text uagb-post__excerpt'>\n\t\t\t\t\t<p>CelPlan Technologies is excited to participate in the upcoming UTC Telecom &amp; Technology conference, taking place June 17-19, 2025. As a leading provider of wireless network planning and optimization solutions, we&#8217;re looking forward to sharing our expertise and connecting with utility professionals who are advancing the future of telecommunications infrastructure&#8230;.\t\t\t\t<\/div>\n\t\t\t\t\t\t<div class=\"uagb-post__text uagb-post__cta wp-block-button\">\n\t\t\t\t<a class=\"wp-block-button__link uagb-text-link\" style=\"\" href=\"https:\/\/celplan.com\/pt\/celplan-at-utc-telecom-technology-2025-leading-the-private-lte-conversation\/\" target=\"_self\" rel=\"bookmark noopener noreferrer\">Ler mais<\/a>\n\t\t\t<\/div>\n\t\t\t\n\t\t\t\t\t\t\t\t\t<\/article>\n\t\t\t\t\t\t\t\t\t\t\t\t\t\t\t\t<article class=\"uagb-post__inner-wrap\">\t\t\t\t\t\t\t\t<h4 class=\"uagb-post__title uagb-post__text\">\n\t\t\t\t<a href=\"https:\/\/celplan.com\/pt\/celplan-to-attend-digital-transformation-and-ai-in-the-port-sector-summit\/\" target=\"_self\" rel=\"bookmark noopener noreferrer\">CelPlan to attend Digital Transformation and AI in the Port Sector summit<\/a>\n\t\t\t<\/h4>\n\t\t\t\t\t\t<div class='uagb-post__text uagb-post-grid-byline'>\n\t\t\t\t\t\t\t<\/div>\n\t\t\t\t\t\t\t<div class='uagb-post__text uagb-post__excerpt'>\n\t\t\t\t\t<p>The 6th Edition of InovaPortos is setting sail toward the digital future of ports! With the theme \u201cDigital Transformation and AI in the Port Sector,\u201d this year\u2019s event will take place on June 17\u201318 in S\u00e3o Lu\u00eds do Maranh\u00e3o, bringing together industry leaders, innovators, and technology experts to explore how&#8230;\t\t\t\t<\/div>\n\t\t\t\t\t\t<div class=\"uagb-post__text uagb-post__cta wp-block-button\">\n\t\t\t\t<a class=\"wp-block-button__link uagb-text-link\" style=\"\" href=\"https:\/\/celplan.com\/pt\/celplan-to-attend-digital-transformation-and-ai-in-the-port-sector-summit\/\" target=\"_self\" rel=\"bookmark noopener noreferrer\">Ler mais<\/a>\n\t\t\t<\/div>\n\t\t\t\n\t\t\t\t\t\t\t\t\t<\/article>\n\t\t\t\t\t\t\t\t\t\t\t\t\t\t\t\t<article class=\"uagb-post__inner-wrap\">\t\t\t\t\t\t\t\t<h4 class=\"uagb-post__title uagb-post__text\">\n\t\t\t\t<a href=\"https:\/\/celplan.com\/pt\/celplan-to-participate-in-sendi-2025-latin-americas-premier-energy-distribution-event\/\" target=\"_self\" rel=\"bookmark noopener noreferrer\">CelPlan to Participate in SENDI 2025, Latin America&#8217;s Premier Energy Distribution Event<\/a>\n\t\t\t<\/h4>\n\t\t\t\t\t\t<div class='uagb-post__text uagb-post-grid-byline'>\n\t\t\t\t\t\t\t<\/div>\n\t\t\t\t\t\t\t<div class='uagb-post__text uagb-post__excerpt'>\n\t\t\t\t\t<p>05\/20\/2025 &#8211; CelPlan Technologies is pleased to announce our participation in the upcoming SENDI 2025 (Simp\u00f3sio de Distribui\u00e7\u00e3o e Transmiss\u00e3o de Energia), Latin America&#8217;s largest energy distribution symposium. The event will take place from May 26-30, 2025, at EXPOMINAS in Belo Horizonte, Brazil. SENDI 2025 (Simp\u00f3sio de Distribui\u00e7\u00e3o e Transmiss\u00e3o&#8230;\t\t\t\t<\/div>\n\t\t\t\t\t\t<div class=\"uagb-post__text uagb-post__cta wp-block-button\">\n\t\t\t\t<a class=\"wp-block-button__link uagb-text-link\" style=\"\" href=\"https:\/\/celplan.com\/pt\/celplan-to-participate-in-sendi-2025-latin-americas-premier-energy-distribution-event\/\" target=\"_self\" rel=\"bookmark noopener noreferrer\">Ler mais<\/a>\n\t\t\t<\/div>\n\t\t\t\n\t\t\t\t\t\t\t\t\t<\/article>\n\t\t\t\t\t\t\t\t\t\t\t\t\t\t\t\t<article class=\"uagb-post__inner-wrap\">\t\t\t\t\t\t\t\t<h4 class=\"uagb-post__title uagb-post__text\">\n\t\t\t\t<a href=\"https:\/\/celplan.com\/pt\/celplan-at-entelec-conference-expo-2025\/\" target=\"_self\" rel=\"bookmark noopener noreferrer\">CelPlan at ENTELEC Conference &amp; Expo 2025<\/a>\n\t\t\t<\/h4>\n\t\t\t\t\t\t<div class='uagb-post__text uagb-post-grid-byline'>\n\t\t\t\t\t\t\t<\/div>\n\t\t\t\t\t\t\t<div class='uagb-post__text uagb-post__excerpt'>\n\t\t\t\t\t<p>04\/07\/2025 &#8211; We&#8217;re pleased to announce CelPlan Technologies&#8217; participation in the upcoming ENTELEC Conference. ENTELEC Conference &amp; Expo 2025 &#8211; May 19-22, 2025 | Galveston Island Convention Center, Texas CelPlan Technologies is proud to announce our participation in the upcoming ENTELEC Conference &amp; Expo, where we&#8217;ll be showcasing our advanced&#8230;\t\t\t\t<\/div>\n\t\t\t\t\t\t<div class=\"uagb-post__text uagb-post__cta wp-block-button\">\n\t\t\t\t<a class=\"wp-block-button__link uagb-text-link\" style=\"\" href=\"https:\/\/celplan.com\/pt\/celplan-at-entelec-conference-expo-2025\/\" target=\"_self\" rel=\"bookmark noopener noreferrer\">Ler mais<\/a>\n\t\t\t<\/div>\n\t\t\t\n\t\t\t\t\t\t\t\t\t<\/article>\n\t\t\t\t\t\t\t\t\t\t\t\t\t\t\t\t<article class=\"uagb-post__inner-wrap\">\t\t\t\t\t\t\t\t<h4 class=\"uagb-post__title uagb-post__text\">\n\t\t\t\t<a href=\"https:\/\/celplan.com\/pt\/viii-railway-engineering-symposium\/\" target=\"_self\" rel=\"bookmark noopener noreferrer\">VIII Railway Engineering Symposium<\/a>\n\t\t\t<\/h4>\n\t\t\t\t\t\t<div class='uagb-post__text uagb-post-grid-byline'>\n\t\t\t\t\t\t\t<\/div>\n\t\t\t\t\t\t\t<div class='uagb-post__text uagb-post__excerpt'>\n\t\t\t\t\t<p>VIII Railway Engineering Symposium &#8211; BrazilOur Product Director to Attend VII Railway Engineering Symposium at Unicamp We are pleased to announce that our Product Director (CellRail) Paulo Sigrist will be participating in the VIII Railway Engineering Symposium (VIII Simp\u00f3sio de Engenharia Ferrovi\u00e1ria) at Unicamp in Campinas, S\u00e3o Paulo, Brazil.About the&#8230;\t\t\t\t<\/div>\n\t\t\t\t\t\t<div class=\"uagb-post__text uagb-post__cta wp-block-button\">\n\t\t\t\t<a class=\"wp-block-button__link uagb-text-link\" style=\"\" href=\"https:\/\/celplan.com\/pt\/viii-railway-engineering-symposium\/\" target=\"_self\" rel=\"bookmark noopener noreferrer\">Ler mais<\/a>\n\t\t\t<\/div>\n\t\t\t\n\t\t\t\t\t\t\t\t\t<\/article>\n\t\t\t\t\t\t\t\t\t\t\t\t\t\t\t\t<article class=\"uagb-post__inner-wrap\">\t\t\t\t\t\t\t\t<h4 class=\"uagb-post__title uagb-post__text\">\n\t\t\t\t<a href=\"https:\/\/celplan.com\/pt\/intermodal-nt-expo-2025-brazil\/\" target=\"_self\" rel=\"bookmark noopener noreferrer\">Intermodal &#8211; NT Expo \/ 2025\u200a &#8211; Brazil<\/a>\n\t\t\t<\/h4>\n\t\t\t\t\t\t<div class='uagb-post__text uagb-post-grid-byline'>\n\t\t\t\t\t\t\t<\/div>\n\t\t\t\t\t\t\t<div class='uagb-post__text uagb-post__excerpt'>\n\t\t\t\t\t<p>Intermodal &#8211; NT Expo \/ 2025 &#8211; BrazilCelPlan Technologies to attend at NT Expo and Intermodal South America 2025We are pleased to announce that our Product Director, Paulo Sigrist, will represent CelPlan Technologies at NT Expo and Intermodal South America 2025, taking place from April 22-24 in S\u00e3o Paulo, Brazil.NT&#8230;\t\t\t\t<\/div>\n\t\t\t\t\t\t<div class=\"uagb-post__text uagb-post__cta wp-block-button\">\n\t\t\t\t<a class=\"wp-block-button__link uagb-text-link\" style=\"\" href=\"https:\/\/celplan.com\/pt\/intermodal-nt-expo-2025-brazil\/\" target=\"_self\" rel=\"bookmark noopener noreferrer\">Ler mais<\/a>\n\t\t\t<\/div>\n\t\t\t\n\t\t\t\t\t\t\t\t\t<\/article>\n\t\t\t\t\t\t\t\t\t\t\t\t\t\t\t\t<article class=\"uagb-post__inner-wrap\">\t\t\t\t\t\t\t\t<h4 class=\"uagb-post__title uagb-post__text\">\n\t\t\t\t<a href=\"https:\/\/celplan.com\/pt\/utc-canada-2025-technical-expertise-in-private-lte\/\" target=\"_self\" rel=\"bookmark noopener noreferrer\">UTC Canada 2025: Technical Expertise in Private LTE<\/a>\n\t\t\t<\/h4>\n\t\t\t\t\t\t<div class='uagb-post__text uagb-post-grid-byline'>\n\t\t\t\t\t\t\t<\/div>\n\t\t\t\t\t\t\t<div class='uagb-post__text uagb-post__excerpt'>\n\t\t\t\t\t<p>01\/31\/2025 &#8211; We&#8217;re pleased to announce that Cristine Korowajczuk, Chief Commercial Officer at CelPlan Technologies, will be presenting a technical session on Private LTE at the upcoming UTC Canadian Technology Conference in Toronto. Utilities Technology Concil Canada 2025 &#8211; April 14-16, 2025 | Ontario, Canada We&#8217;re pleased to announce that&#8230;\t\t\t\t<\/div>\n\t\t\t\t\t\t<div class=\"uagb-post__text uagb-post__cta wp-block-button\">\n\t\t\t\t<a class=\"wp-block-button__link uagb-text-link\" style=\"\" href=\"https:\/\/celplan.com\/pt\/utc-canada-2025-technical-expertise-in-private-lte\/\" target=\"_self\" rel=\"bookmark noopener noreferrer\">Ler mais<\/a>\n\t\t\t<\/div>\n\t\t\t\n\t\t\t\t\t\t\t\t\t<\/article>\n\t\t\t\t\t\t\t\t\t\t\t\t\t\t\t\t<article class=\"uagb-post__inner-wrap\">\t\t\t\t\t\t\t\t<h4 class=\"uagb-post__title uagb-post__text\">\n\t\t\t\t<a href=\"https:\/\/celplan.com\/pt\/celplan-technologies-at-utc-region-6-meeting\/\" target=\"_self\" rel=\"bookmark noopener noreferrer\">CelPlan Technologies at UTC Region 6 Meeting<\/a>\n\t\t\t<\/h4>\n\t\t\t\t\t\t<div class='uagb-post__text uagb-post-grid-byline'>\n\t\t\t\t\t\t\t<\/div>\n\t\t\t\t\t\t\t<div class='uagb-post__text uagb-post__excerpt'>\n\t\t\t\t\t<p>03\/29\/2025 &#8211; CelPlan Technologies is pleased to announce our participation in the upcoming Utilities Technology Council Region 6 Meeting this April in Overland Park, Kansas.Visit Us at Table 24 UTC Region 6 Meeting &#8211; April 1-3, 2025 | Overland Park, KS Our Chief Commercial Officer, Cristine Korowajczuk, will be present&#8230;\t\t\t\t<\/div>\n\t\t\t\t\t\t<div class=\"uagb-post__text uagb-post__cta wp-block-button\">\n\t\t\t\t<a class=\"wp-block-button__link uagb-text-link\" style=\"\" href=\"https:\/\/celplan.com\/pt\/celplan-technologies-at-utc-region-6-meeting\/\" target=\"_self\" rel=\"bookmark noopener noreferrer\">Ler mais<\/a>\n\t\t\t<\/div>\n\t\t\t\n\t\t\t\t\t\t\t\t\t<\/article>\n\t\t\t\t\t\t\t\t\t\t\t\t\t\t\t\t<article class=\"uagb-post__inner-wrap\">\t\t\t\t\t\t\t\t<h4 class=\"uagb-post__title uagb-post__text\">\n\t\t\t\t<a href=\"https:\/\/celplan.com\/pt\/celplan-technologies-at-isc-west-2025\/\" target=\"_self\" rel=\"bookmark noopener noreferrer\">CelPlan Technologies at ISC West 2025<\/a>\n\t\t\t<\/h4>\n\t\t\t\t\t\t<div class='uagb-post__text uagb-post-grid-byline'>\n\t\t\t\t\t\t\t<\/div>\n\t\t\t\t\t\t\t<div class='uagb-post__text uagb-post__excerpt'>\n\t\t\t\t\t<p>03\/28\/2025 &#8211; We are proud to announce that our Chief Operating Officer, Paulo Leite, and our Project Director, Nikhil Mathur will be representing CelPlan Technologies at the upcoming ISC West 2025, the leading comprehensive security trade event in the United States. Event DetailsISC West 2025Dates: March 31 &#8211; April 4,&#8230;\t\t\t\t<\/div>\n\t\t\t\t\t\t<div class=\"uagb-post__text uagb-post__cta wp-block-button\">\n\t\t\t\t<a class=\"wp-block-button__link uagb-text-link\" style=\"\" href=\"https:\/\/celplan.com\/pt\/celplan-technologies-at-isc-west-2025\/\" target=\"_self\" rel=\"bookmark noopener noreferrer\">Ler mais<\/a>\n\t\t\t<\/div>\n\t\t\t\n\t\t\t\t\t\t\t\t\t<\/article>\n\t\t\t\t\t\t\t\t\t\t\t\t\t\t\t\t<article class=\"uagb-post__inner-wrap\">\t\t\t\t\t\t\t\t<h4 class=\"uagb-post__title uagb-post__text\">\n\t\t\t\t<a href=\"https:\/\/celplan.com\/pt\/celplan-technologies-showcases-p-lte-expertise-at-distributech-2025\/\" target=\"_self\" rel=\"bookmark noopener noreferrer\">CelPlan Technologies Showcases P-LTE Expertise at DistribuTECH 2025<\/a>\n\t\t\t<\/h4>\n\t\t\t\t\t\t<div class='uagb-post__text uagb-post-grid-byline'>\n\t\t\t\t\t\t\t<\/div>\n\t\t\t\t\t\t\t<div class='uagb-post__text uagb-post__excerpt'>\n\t\t\t\t\t<p>03\/22\/2025 &#8211; CelPlan Technologies is pleased to announce our participation at DistribuTECH 2025, where we&#8217;ll be featuring our industry-leading Private LTE design and optimization solutions. Visit our booth to explore how our specialized expertise can transform your utility communications infrastructure. DistribuTECH 2025 &#8211; March 25-27, 2025 | Dallas, TX Connect&#8230;\t\t\t\t<\/div>\n\t\t\t\t\t\t<div class=\"uagb-post__text uagb-post__cta wp-block-button\">\n\t\t\t\t<a class=\"wp-block-button__link uagb-text-link\" style=\"\" href=\"https:\/\/celplan.com\/pt\/celplan-technologies-showcases-p-lte-expertise-at-distributech-2025\/\" target=\"_self\" rel=\"bookmark noopener noreferrer\">Ler mais<\/a>\n\t\t\t<\/div>\n\t\t\t\n\t\t\t\t\t\t\t\t\t<\/article>\n\t\t\t\t\t\t\t\t\t\t\t\t\t\t\t\t<article class=\"uagb-post__inner-wrap\">\t\t\t\t\t\t\t\t<h4 class=\"uagb-post__title uagb-post__text\">\n\t\t\t\t<a href=\"https:\/\/celplan.com\/pt\/celplan-cco-cristine-korowajczuk-at-iwce-2025\/\" target=\"_self\" rel=\"bookmark noopener noreferrer\">CelPlan CCO Cristine Korowajczuk at IWCE 2025<\/a>\n\t\t\t<\/h4>\n\t\t\t\t\t\t<div class='uagb-post__text uagb-post-grid-byline'>\n\t\t\t\t\t\t\t<\/div>\n\t\t\t\t\t\t\t<div class='uagb-post__text uagb-post__excerpt'>\n\t\t\t\t\t<p>03\/15\/2025 &#8211; CelPlan Technologies is proud to announce that our Chief Commercial Officer, Cristine Korowajczuk, will be speaking at the International Wireless Communications Expo (IWCE) 2025 in Las Vegas. IWCE 2025 &#8211; March 17-20, 2025 | Las Vegas Convention Center Connect with our team to explore how CelPlan&#8217;s cutting-edge solutions&#8230;\t\t\t\t<\/div>\n\t\t\t\t\t\t<div class=\"uagb-post__text uagb-post__cta wp-block-button\">\n\t\t\t\t<a class=\"wp-block-button__link uagb-text-link\" style=\"\" href=\"https:\/\/celplan.com\/pt\/celplan-cco-cristine-korowajczuk-at-iwce-2025\/\" target=\"_self\" rel=\"bookmark noopener noreferrer\">Ler mais<\/a>\n\t\t\t<\/div>\n\t\t\t\n\t\t\t\t\t\t\t\t\t<\/article>\n\t\t\t\t\t\t\t\t\t\t\t\t\t<div class=\"uagb-post-pagination-wrap\">\n\t\t\t\t\t\t<span aria-current=\"page\" class=\"page-numbers current\">1<\/span>\n<a class=\"page-numbers\" href=\"https:\/\/celplan.com\/pt\/wp-json\/wp\/v2\/pages\/2886\/page\/2\/\">2<\/a>\n<a class=\"page-numbers\" href=\"https:\/\/celplan.com\/pt\/wp-json\/wp\/v2\/pages\/2886\/page\/3\/\">3<\/a>\n<a class=\"next page-numbers\" href=\"https:\/\/celplan.com\/pt\/wp-json\/wp\/v2\/pages\/2886\/page\/2\/\">Next \u00bb<\/a>\t\t\t\t\t<\/div>\n\t\t\t\t\t\t\t\t<\/div>","protected":false},"excerpt":{"rendered":"","protected":false},"author":2,"featured_media":0,"parent":0,"menu_order":0,"comment_status":"closed","ping_status":"closed","template":"","meta":{"_uag_custom_page_level_css":"","_monsterinsights_skip_tracking":false,"_monsterinsights_sitenote_active":false,"_monsterinsights_sitenote_note":"","_monsterinsights_sitenote_category":0,"site-sidebar-layout":"default","site-content-layout":"","ast-site-content-layout":"default","site-content-style":"default","site-sidebar-style":"default","ast-global-header-display":"","ast-banner-title-visibility":"","ast-main-header-display":"","ast-hfb-above-header-display":"","ast-hfb-below-header-display":"","ast-hfb-mobile-header-display":"","site-post-title":"disabled","ast-breadcrumbs-content":"","ast-featured-img":"","footer-sml-layout":"","ast-disable-related-posts":"","theme-transparent-header-meta":"","adv-header-id-meta":"","stick-header-meta":"","header-above-stick-meta":"","header-main-stick-meta":"","header-below-stick-meta":"","astra-migrate-meta-layouts":"set","ast-page-background-enabled":"default","ast-page-background-meta":{"desktop":{"background-color":"var(--ast-global-color-4)","background-image":"","background-repeat":"repeat","background-position":"center center","background-size":"auto","background-attachment":"scroll","background-type":"","background-media":"","overlay-type":"","overlay-color":"","overlay-opacity":"","overlay-gradient":""},"tablet":{"background-color":"","background-image":"","background-repeat":"repeat","background-position":"center center","background-size":"auto","background-attachment":"scroll","background-type":"","background-media":"","overlay-type":"","overlay-color":"","overlay-opacity":"","overlay-gradient":""},"mobile":{"background-color":"","background-image":"","background-repeat":"repeat","background-position":"center center","background-size":"auto","background-attachment":"scroll","background-type":"","background-media":"","overlay-type":"","overlay-color":"","overlay-opacity":"","overlay-gradient":""}},"ast-content-background-meta":{"desktop":{"background-color":"var(--ast-global-color-5)","background-image":"","background-repeat":"repeat","background-position":"center center","background-size":"auto","background-attachment":"scroll","background-type":"","background-media":"","overlay-type":"","overlay-color":"","overlay-opacity":"","overlay-gradient":""},"tablet":{"background-color":"var(--ast-global-color-5)","background-image":"","background-repeat":"repeat","background-position":"center center","background-size":"auto","background-attachment":"scroll","background-type":"","background-media":"","overlay-type":"","overlay-color":"","overlay-opacity":"","overlay-gradient":""},"mobile":{"background-color":"var(--ast-global-color-5)","background-image":"","background-repeat":"repeat","background-position":"center center","background-size":"auto","background-attachment":"scroll","background-type":"","background-media":"","overlay-type":"","overlay-color":"","overlay-opacity":"","overlay-gradient":""}},"footnotes":""},"class_list":["post-2886","page","type-page","status-publish","hentry"],"aioseo_notices":[],"uagb_featured_image_src":{"full":false,"thumbnail":false,"medium":false,"medium_large":false,"large":false,"1536x1536":false,"2048x2048":false,"trp-custom-language-flag":false},"uagb_author_info":{"display_name":"Cristine Korowajczuk","author_link":"https:\/\/celplan.com\/pt\/author\/cris_en\/"},"uagb_comment_info":0,"uagb_excerpt":null,"_links":{"self":[{"href":"https:\/\/celplan.com\/pt\/wp-json\/wp\/v2\/pages\/2886","targetHints":{"allow":["GET"]}}],"collection":[{"href":"https:\/\/celplan.com\/pt\/wp-json\/wp\/v2\/pages"}],"about":[{"href":"https:\/\/celplan.com\/pt\/wp-json\/wp\/v2\/types\/page"}],"author":[{"embeddable":true,"href":"https:\/\/celplan.com\/pt\/wp-json\/wp\/v2\/users\/2"}],"replies":[{"embeddable":true,"href":"https:\/\/celplan.com\/pt\/wp-json\/wp\/v2\/comments?post=2886"}],"version-history":[{"count":2,"href":"https:\/\/celplan.com\/pt\/wp-json\/wp\/v2\/pages\/2886\/revisions"}],"predecessor-version":[{"id":2889,"href":"https:\/\/celplan.com\/pt\/wp-json\/wp\/v2\/pages\/2886\/revisions\/2889"}],"wp:attachment":[{"href":"https:\/\/celplan.com\/pt\/wp-json\/wp\/v2\/media?parent=2886"}],"curies":[{"name":"wp","href":"https:\/\/api.w.org\/{rel}","templated":true}]}}