{"id":881,"date":"2024-06-27T17:41:21","date_gmt":"2024-06-27T17:41:21","guid":{"rendered":"https:\/\/celplan.com\/?page_id=881"},"modified":"2024-07-29T16:09:15","modified_gmt":"2024-07-29T16:09:15","slug":"products","status":"publish","type":"page","link":"https:\/\/celplan.com\/pt\/products\/","title":{"rendered":"Produtos"},"content":{"rendered":"<div class=\"wp-block-uagb-container uagb-block-eghuxq0k alignfull uagb-is-root-container\"><div class=\"uagb-container-inner-blocks-wrap\">\n<div class=\"wp-block-uagb-info-box uagb-block-z9doniw9 uagb-infobox__content-wrap  uagb-infobox-icon-above-title uagb-infobox-image-valign-top\"><div class=\"uagb-ifb-content\"><div class=\"uagb-ifb-title-wrap\"><h1 class=\"uagb-ifb-title\">Produtos<\/h1><\/div><\/div><\/div>\n<\/div><\/div>\n\n\n\n<blockquote class=\"wp-block-quote is-layout-flow wp-block-quote-is-layout-flow\">\n<p>A CelPlan oferece produtos e servi\u00e7os para atender a v\u00e1rios mercados que exigem expertise em sistemas de informa\u00e7\u00e3o e telecomunica\u00e7\u00f5es. Nossa equipe est\u00e1 envolvida em centenas de projetos no mundo todo, entregando solu\u00e7\u00f5es inovadoras e eficazes para lidar com cen\u00e1rios desafiadores.<\/p>\n<\/blockquote>\n\n\n\n<div class=\"wp-block-uagb-container uagb-block-pisdf4yj alignfull uagb-is-root-container\"><div class=\"uagb-container-inner-blocks-wrap\">\n<div class=\"wp-block-uagb-container uagb-block-munkxyji\">\n<div class=\"wp-block-uagb-container uagb-block-l3s7jt3o\">\n<div class=\"wp-block-uagb-image uagb-block-mknmfcnr wp-block-uagb-image--layout-default wp-block-uagb-image--effect-static wp-block-uagb-image--align-none\"><figure class=\"wp-block-uagb-image__figure\"><a class=\"\" href=\"https:\/\/celplan.com\/pt\/network_design_solutions\/\" target=\"\" rel=\"noopener\"><img decoding=\"async\" srcset=\"https:\/\/celplan.com\/wp-content\/uploads\/2024\/07\/endpoints-with-coverage-celplanner.png ,https:\/\/celplan.com\/wp-content\/uploads\/2024\/07\/endpoints-with-coverage-celplanner.png 780w, https:\/\/celplan.com\/wp-content\/uploads\/2024\/07\/endpoints-with-coverage-celplanner.png 360w\" sizes=\"auto, (max-width: 480px) 150px\" src=\"https:\/\/celplan.com\/wp-content\/uploads\/2024\/07\/endpoints-with-coverage-celplanner.png\" alt=\"\" class=\"uag-image-1777\" width=\"282\" height=\"376\" title=\"Network Design\" loading=\"lazy\" role=\"img\"\/><\/a><\/figure><\/div>\n\n\n\n<div class=\"wp-block-uagb-info-box uagb-block-ys6wjjhc uagb-infobox__content-wrap  uagb-infobox-icon-above-title uagb-infobox-image-valign-top\"><div class=\"uagb-ifb-content\"><div class=\"uagb-ifb-title-wrap\"><h3 class=\"uagb-ifb-title\"><a href=\"https:\/\/celplan.com\/pt\/network_design_solutions\/\" title=\"\">Solu\u00e7\u00f5es de Projeto<\/a><\/h3><\/div><\/div><\/div>\n<\/div>\n\n\n\n<div class=\"wp-block-uagb-container uagb-block-sljddiuh\">\n<div class=\"wp-block-uagb-image uagb-block-rwkjww3s wp-block-uagb-image--layout-default wp-block-uagb-image--effect-static wp-block-uagb-image--align-none\"><figure class=\"wp-block-uagb-image__figure\"><a class=\"\" href=\"https:\/\/celplan.com\/pt\/test_measurement\/\" target=\"\" rel=\"noopener\"><img decoding=\"async\" srcset=\"https:\/\/celplan.com\/wp-content\/uploads\/2024\/07\/CellOFDM-1-1024x666-1.png ,https:\/\/celplan.com\/wp-content\/uploads\/2024\/07\/CellOFDM-1-1024x666-1.png 780w, https:\/\/celplan.com\/wp-content\/uploads\/2024\/07\/CellOFDM-1-1024x666-1.png 360w\" sizes=\"auto, (max-width: 480px) 150px\" src=\"https:\/\/celplan.com\/wp-content\/uploads\/2024\/07\/CellOFDM-1-1024x666-1.png\" alt=\"\" class=\"uag-image-1536\" width=\"282\" height=\"376\" title=\"Test Equipment\" loading=\"lazy\" role=\"img\"\/><\/a><\/figure><\/div>\n\n\n\n<div class=\"wp-block-uagb-info-box uagb-block-2ysnfyj9 uagb-infobox__content-wrap  uagb-infobox-icon-above-title uagb-infobox-image-valign-top\"><div class=\"uagb-ifb-content\"><div class=\"uagb-ifb-title-wrap\"><h3 class=\"uagb-ifb-title\"><a href=\"https:\/\/celplan.com\/pt\/test_measurement\/\" title=\"\">Teste e Medi\u00e7\u00e3o de Redes<\/a><\/h3><\/div><\/div><\/div>\n<\/div>\n\n\n\n<div class=\"wp-block-uagb-container uagb-block-gtgaeoah\">\n<div class=\"wp-block-uagb-image uagb-block-ozwvqifq wp-block-uagb-image--layout-default wp-block-uagb-image--effect-static wp-block-uagb-image--align-none\"><figure class=\"wp-block-uagb-image__figure\"><a class=\"\" href=\"https:\/\/celplan.com\/pt\/customer-experience\/\" target=\"\" rel=\"noopener\"><img decoding=\"async\" srcset=\"https:\/\/celplan.com\/wp-content\/uploads\/2024\/07\/Customer-experience_1-1MB-1024x576.jpg ,https:\/\/celplan.com\/wp-content\/uploads\/2024\/07\/Customer-experience_1-1MB-scaled.jpg 780w, https:\/\/celplan.com\/wp-content\/uploads\/2024\/07\/Customer-experience_1-1MB-scaled.jpg 360w\" sizes=\"auto, (max-width: 480px) 150px\" src=\"https:\/\/celplan.com\/wp-content\/uploads\/2024\/07\/Customer-experience_1-1MB-1024x576.jpg\" alt=\"\" class=\"uag-image-1781\" width=\"282\" height=\"376\" title=\"Experi\u00eancia do cliente\" loading=\"lazy\" role=\"img\"\/><\/a><\/figure><\/div>\n\n\n\n<div class=\"wp-block-uagb-info-box uagb-block-fk1mi4wx uagb-infobox__content-wrap  uagb-infobox-icon-above-title uagb-infobox-image-valign-top\"><div class=\"uagb-ifb-content\"><div class=\"uagb-ifb-title-wrap\"><h3 class=\"uagb-ifb-title\"><a href=\"https:\/\/celplan.com\/pt\/customer-experience\/\" title=\"\">Experi\u00eancia do cliente<\/a><\/h3><\/div><\/div><\/div>\n<\/div>\n\n\n\n<div class=\"wp-block-uagb-container uagb-block-fxgxkc8b\">\n<div class=\"wp-block-uagb-image uagb-block-a1ztgefl wp-block-uagb-image--layout-default wp-block-uagb-image--effect-static wp-block-uagb-image--align-none\"><figure class=\"wp-block-uagb-image__figure\"><a class=\"\" href=\"https:\/\/celplan.com\/pt\/geographical-database\/\" target=\"\" rel=\"noopener\"><img decoding=\"async\" srcset=\"https:\/\/celplan.com\/wp-content\/uploads\/2024\/07\/GIS-1024x1024.jpg ,https:\/\/celplan.com\/wp-content\/uploads\/2024\/07\/GIS-scaled.jpg 780w, https:\/\/celplan.com\/wp-content\/uploads\/2024\/07\/GIS-scaled.jpg 360w\" sizes=\"auto, (max-width: 480px) 150px\" src=\"https:\/\/celplan.com\/wp-content\/uploads\/2024\/07\/GIS-1024x1024.jpg\" alt=\"\" class=\"uag-image-1778\" width=\"282\" height=\"376\" title=\"GIS database\" loading=\"lazy\" role=\"img\"\/><\/a><\/figure><\/div>\n\n\n\n<div class=\"wp-block-uagb-info-box uagb-block-gbu9pon0 uagb-infobox__content-wrap  uagb-infobox-icon-above-title uagb-infobox-image-valign-top\"><div class=\"uagb-ifb-content\"><div class=\"uagb-ifb-title-wrap\"><h3 class=\"uagb-ifb-title\"><a href=\"https:\/\/celplan.com\/pt\/geographical-database\/\" title=\"\">Bases de Dados Geogr\u00e1ficas<\/a><a href=\"https:\/\/celplan.com\/pt\/smart-water\/\" title=\"\"><\/a><a href=\"https:\/\/celplan-com.preview-domain.com\/geographical-database\/\" title=\"Geographical Database\"> Databases<\/a><\/h3><\/div><\/div><\/div>\n<\/div>\n<\/div>\n<\/div><\/div>","protected":false},"excerpt":{"rendered":"<p>A CelPlan oferece produtos e servi\u00e7os para atender a v\u00e1rios mercados que exigem expertise em sistemas de informa\u00e7\u00e3o e telecomunica\u00e7\u00f5es. Nossa equipe est\u00e1 envolvida em centenas de projetos no mundo todo, entregando solu\u00e7\u00f5es inovadoras e eficazes para lidar com cen\u00e1rios desafiadores.<\/p>","protected":false},"author":2,"featured_media":0,"parent":0,"menu_order":0,"comment_status":"closed","ping_status":"closed","template":"","meta":{"_uag_custom_page_level_css":"","_monsterinsights_skip_tracking":false,"_monsterinsights_sitenote_active":false,"_monsterinsights_sitenote_note":"","_monsterinsights_sitenote_category":0,"site-sidebar-layout":"no-sidebar","site-content-layout":"","ast-site-content-layout":"full-width-container","site-content-style":"unboxed","site-sidebar-style":"unboxed","ast-global-header-display":"","ast-banner-title-visibility":"","ast-main-header-display":"","ast-hfb-above-header-display":"","ast-hfb-below-header-display":"","ast-hfb-mobile-header-display":"","site-post-title":"disabled","ast-breadcrumbs-content":"","ast-featured-img":"","footer-sml-layout":"","ast-disable-related-posts":"","theme-transparent-header-meta":"","adv-header-id-meta":"","stick-header-meta":"","header-above-stick-meta":"","header-main-stick-meta":"","header-below-stick-meta":"","astra-migrate-meta-layouts":"set","ast-page-background-enabled":"default","ast-page-background-meta":{"desktop":{"background-color":"var(--ast-global-color-4)","background-image":"","background-repeat":"repeat","background-position":"center center","background-size":"auto","background-attachment":"scroll","background-type":"","background-media":"","overlay-type":"","overlay-color":"","overlay-opacity":"","overlay-gradient":""},"tablet":{"background-color":"","background-image":"","background-repeat":"repeat","background-position":"center center","background-size":"auto","background-attachment":"scroll","background-type":"","background-media":"","overlay-type":"","overlay-color":"","overlay-opacity":"","overlay-gradient":""},"mobile":{"background-color":"","background-image":"","background-repeat":"repeat","background-position":"center center","background-size":"auto","background-attachment":"scroll","background-type":"","background-media":"","overlay-type":"","overlay-color":"","overlay-opacity":"","overlay-gradient":""}},"ast-content-background-meta":{"desktop":{"background-color":"var(--ast-global-color-5)","background-image":"","background-repeat":"repeat","background-position":"center center","background-size":"auto","background-attachment":"scroll","background-type":"","background-media":"","overlay-type":"","overlay-color":"","overlay-opacity":"","overlay-gradient":""},"tablet":{"background-color":"var(--ast-global-color-5)","background-image":"","background-repeat":"repeat","background-position":"center center","background-size":"auto","background-attachment":"scroll","background-type":"","background-media":"","overlay-type":"","overlay-color":"","overlay-opacity":"","overlay-gradient":""},"mobile":{"background-color":"var(--ast-global-color-5)","background-image":"","background-repeat":"repeat","background-position":"center center","background-size":"auto","background-attachment":"scroll","background-type":"","background-media":"","overlay-type":"","overlay-color":"","overlay-opacity":"","overlay-gradient":""}},"footnotes":""},"class_list":["post-881","page","type-page","status-publish","hentry"],"aioseo_notices":[],"uagb_featured_image_src":{"full":false,"thumbnail":false,"medium":false,"medium_large":false,"large":false,"1536x1536":false,"2048x2048":false,"trp-custom-language-flag":false},"uagb_author_info":{"display_name":"Cristine Korowajczuk","author_link":"https:\/\/celplan.com\/pt\/author\/cris_en\/"},"uagb_comment_info":0,"uagb_excerpt":"CelPlan offers products and services to serve several markets that require expertise in information and telecommunication systems. Our team has been involved in hundreds of projects worldwide, delivering innovative and effective solutions to address challenging scenarios.","_links":{"self":[{"href":"https:\/\/celplan.com\/pt\/wp-json\/wp\/v2\/pages\/881","targetHints":{"allow":["GET"]}}],"collection":[{"href":"https:\/\/celplan.com\/pt\/wp-json\/wp\/v2\/pages"}],"about":[{"href":"https:\/\/celplan.com\/pt\/wp-json\/wp\/v2\/types\/page"}],"author":[{"embeddable":true,"href":"https:\/\/celplan.com\/pt\/wp-json\/wp\/v2\/users\/2"}],"replies":[{"embeddable":true,"href":"https:\/\/celplan.com\/pt\/wp-json\/wp\/v2\/comments?post=881"}],"version-history":[{"count":17,"href":"https:\/\/celplan.com\/pt\/wp-json\/wp\/v2\/pages\/881\/revisions"}],"predecessor-version":[{"id":2199,"href":"https:\/\/celplan.com\/pt\/wp-json\/wp\/v2\/pages\/881\/revisions\/2199"}],"wp:attachment":[{"href":"https:\/\/celplan.com\/pt\/wp-json\/wp\/v2\/media?parent=881"}],"curies":[{"name":"wp","href":"https:\/\/api.w.org\/{rel}","templated":true}]}}